{"id":93,"date":"2025-04-06T13:12:55","date_gmt":"2025-04-06T11:12:55","guid":{"rendered":"https:\/\/www.freiberger-karnevalklub.de\/?page_id=93"},"modified":"2026-04-11T06:46:49","modified_gmt":"2026-04-11T04:46:49","slug":"vorstand","status":"publish","type":"page","link":"https:\/\/www.freiberger-karnevalklub.de\/?page_id=93","title":{"rendered":"Vorstand"},"content":{"rendered":"\n<div class=\"wp-block-columns is-layout-flex wp-container-core-columns-is-layout-28f84493 wp-block-columns-is-layout-flex\">\n<div class=\"wp-block-column is-layout-flow wp-block-column-is-layout-flow\">\n<p class=\"has-text-align-center\"><strong>Pr\u00e4sident<\/strong><\/p>\n\n\n\n<figure class=\"wp-block-image size-full\"><img loading=\"lazy\" decoding=\"async\" width=\"600\" height=\"600\" src=\"https:\/\/www.freiberger-karnevalklub.de\/wp-content\/uploads\/2025\/04\/1000018572.jpg\" alt=\"\" class=\"wp-image-104\" srcset=\"https:\/\/www.freiberger-karnevalklub.de\/wp-content\/uploads\/2025\/04\/1000018572.jpg 600w, https:\/\/www.freiberger-karnevalklub.de\/wp-content\/uploads\/2025\/04\/1000018572-300x300.jpg 300w, https:\/\/www.freiberger-karnevalklub.de\/wp-content\/uploads\/2025\/04\/1000018572-150x150.jpg 150w\" sizes=\"auto, (max-width: 600px) 100vw, 600px\" \/><\/figure>\n\n\n\n<p class=\"has-text-align-center\">Joachim Bre\u00dfler<\/p>\n<\/div>\n\n\n\n<div class=\"wp-block-column is-layout-flow wp-block-column-is-layout-flow\">\n<p class=\"has-text-align-center\"><strong>Vize-Pr\u00e4sidentin<\/strong><\/p>\n\n\n\n<figure class=\"wp-block-image size-full\"><img loading=\"lazy\" decoding=\"async\" width=\"600\" height=\"600\" src=\"http:\/\/www.freiberger-karnevalklub.de\/wp-content\/uploads\/2025\/04\/1000018572.jpg\" alt=\"\" class=\"wp-image-104\" srcset=\"https:\/\/www.freiberger-karnevalklub.de\/wp-content\/uploads\/2025\/04\/1000018572.jpg 600w, https:\/\/www.freiberger-karnevalklub.de\/wp-content\/uploads\/2025\/04\/1000018572-300x300.jpg 300w, https:\/\/www.freiberger-karnevalklub.de\/wp-content\/uploads\/2025\/04\/1000018572-150x150.jpg 150w\" sizes=\"auto, (max-width: 600px) 100vw, 600px\" \/><\/figure>\n\n\n\n<p class=\"has-text-align-center\">Paula Walther<\/p>\n<\/div>\n\n\n\n<div class=\"wp-block-column is-layout-flow wp-block-column-is-layout-flow\">\n<p class=\"has-text-align-center\"><strong>Schatzmeister<\/strong><\/p>\n\n\n\n<figure class=\"wp-block-image size-full\"><img loading=\"lazy\" decoding=\"async\" width=\"600\" height=\"600\" src=\"http:\/\/www.freiberger-karnevalklub.de\/wp-content\/uploads\/2025\/04\/1000018572.jpg\" alt=\"\" class=\"wp-image-104\" srcset=\"https:\/\/www.freiberger-karnevalklub.de\/wp-content\/uploads\/2025\/04\/1000018572.jpg 600w, https:\/\/www.freiberger-karnevalklub.de\/wp-content\/uploads\/2025\/04\/1000018572-300x300.jpg 300w, https:\/\/www.freiberger-karnevalklub.de\/wp-content\/uploads\/2025\/04\/1000018572-150x150.jpg 150w\" sizes=\"auto, (max-width: 600px) 100vw, 600px\" \/><\/figure>\n\n\n\n<p class=\"has-text-align-center\">Lutz Klapproth<\/p>\n<\/div>\n<\/div>\n\n\n\n<hr class=\"wp-block-separator has-alpha-channel-opacity is-style-wide-thin-line\" style=\"margin-top:var(--wp--preset--spacing--xx-small);margin-bottom:var(--wp--preset--spacing--xx-small)\"\/>\n\n\n\n<div class=\"wp-block-columns is-layout-flex wp-container-core-columns-is-layout-28f84493 wp-block-columns-is-layout-flex\">\n<div class=\"wp-block-column is-layout-flow wp-block-column-is-layout-flow\">\n<p class=\"has-text-align-center\"><strong>Ministerin f\u00fcr Schrift und Protokoll<\/strong><\/p>\n\n\n\n<figure class=\"wp-block-image size-full\"><img loading=\"lazy\" decoding=\"async\" width=\"600\" height=\"600\" src=\"http:\/\/www.freiberger-karnevalklub.de\/wp-content\/uploads\/2025\/04\/1000018572.jpg\" alt=\"\" class=\"wp-image-104\" srcset=\"https:\/\/www.freiberger-karnevalklub.de\/wp-content\/uploads\/2025\/04\/1000018572.jpg 600w, https:\/\/www.freiberger-karnevalklub.de\/wp-content\/uploads\/2025\/04\/1000018572-300x300.jpg 300w, https:\/\/www.freiberger-karnevalklub.de\/wp-content\/uploads\/2025\/04\/1000018572-150x150.jpg 150w\" sizes=\"auto, (max-width: 600px) 100vw, 600px\" \/><\/figure>\n\n\n\n<p class=\"has-text-align-center\">Manuela Kaden<\/p>\n<\/div>\n\n\n\n<div class=\"wp-block-column is-layout-flow wp-block-column-is-layout-flow\">\n<p class=\"has-text-align-center\"><strong>Minister f\u00fcr B\u00fchne und Gestaltung<\/strong><\/p>\n\n\n\n<figure class=\"wp-block-image size-full\"><img loading=\"lazy\" decoding=\"async\" width=\"600\" height=\"600\" src=\"http:\/\/www.freiberger-karnevalklub.de\/wp-content\/uploads\/2025\/04\/1000018572.jpg\" alt=\"\" class=\"wp-image-104\" srcset=\"https:\/\/www.freiberger-karnevalklub.de\/wp-content\/uploads\/2025\/04\/1000018572.jpg 600w, https:\/\/www.freiberger-karnevalklub.de\/wp-content\/uploads\/2025\/04\/1000018572-300x300.jpg 300w, https:\/\/www.freiberger-karnevalklub.de\/wp-content\/uploads\/2025\/04\/1000018572-150x150.jpg 150w\" sizes=\"auto, (max-width: 600px) 100vw, 600px\" \/><\/figure>\n\n\n\n<p class=\"has-text-align-center\">Robert Kahl<\/p>\n<\/div>\n<\/div>\n\n\n\n<hr class=\"wp-block-separator has-alpha-channel-opacity is-style-wide-thin-line\" style=\"margin-top:0;margin-bottom:0\"\/>\n\n\n\n<div class=\"wp-block-columns is-layout-flex wp-container-core-columns-is-layout-28f84493 wp-block-columns-is-layout-flex\">\n<div class=\"wp-block-column is-layout-flow wp-block-column-is-layout-flow\">\n<p class=\"has-text-align-center\"><strong>Ministerin f\u00fcr SocialMedia und Marketing<\/strong><\/p>\n\n\n\n<figure class=\"wp-block-image size-full\"><img loading=\"lazy\" decoding=\"async\" width=\"600\" height=\"600\" src=\"http:\/\/www.freiberger-karnevalklub.de\/wp-content\/uploads\/2025\/04\/1000018572.jpg\" alt=\"\" class=\"wp-image-104\" srcset=\"https:\/\/www.freiberger-karnevalklub.de\/wp-content\/uploads\/2025\/04\/1000018572.jpg 600w, https:\/\/www.freiberger-karnevalklub.de\/wp-content\/uploads\/2025\/04\/1000018572-300x300.jpg 300w, https:\/\/www.freiberger-karnevalklub.de\/wp-content\/uploads\/2025\/04\/1000018572-150x150.jpg 150w\" sizes=\"auto, (max-width: 600px) 100vw, 600px\" \/><\/figure>\n\n\n\n<p class=\"has-text-align-center\">Tina M\u00fcller<\/p>\n<\/div>\n\n\n\n<div class=\"wp-block-column is-layout-flow wp-block-column-is-layout-flow\">\n<p class=\"has-text-align-center\"><strong>Minister f\u00fcr Technik und Infrastruktur<\/strong><\/p>\n\n\n\n<figure class=\"wp-block-image size-full\"><img loading=\"lazy\" decoding=\"async\" width=\"600\" height=\"600\" src=\"http:\/\/www.freiberger-karnevalklub.de\/wp-content\/uploads\/2025\/04\/1000018572.jpg\" alt=\"\" class=\"wp-image-104\" srcset=\"https:\/\/www.freiberger-karnevalklub.de\/wp-content\/uploads\/2025\/04\/1000018572.jpg 600w, https:\/\/www.freiberger-karnevalklub.de\/wp-content\/uploads\/2025\/04\/1000018572-300x300.jpg 300w, https:\/\/www.freiberger-karnevalklub.de\/wp-content\/uploads\/2025\/04\/1000018572-150x150.jpg 150w\" sizes=\"auto, (max-width: 600px) 100vw, 600px\" \/><\/figure>\n\n\n\n<p class=\"has-text-align-center\">Daniel Viertel<\/p>\n<\/div>\n<\/div>\n\n\n\n<p><\/p>\n","protected":false},"excerpt":{"rendered":"<p>Pr\u00e4sident Joachim Bre\u00dfler Vize-Pr\u00e4sidentin Paula Walther Schatzmeister Lutz Klapproth Ministerin f\u00fcr Schrift und Protokoll Manuela Kaden Minister f\u00fcr B\u00fchne und Gestaltung Robert Kahl Ministerin f\u00fcr SocialMedia und Marketing Tina M\u00fcller Minister f\u00fcr Technik und Infrastruktur Daniel Viertel<\/p>\n","protected":false},"author":1,"featured_media":0,"parent":0,"menu_order":0,"comment_status":"closed","ping_status":"closed","template":"","meta":{"footnotes":""},"class_list":["post-93","page","type-page","status-publish","hentry"],"_links":{"self":[{"href":"https:\/\/www.freiberger-karnevalklub.de\/index.php?rest_route=\/wp\/v2\/pages\/93","targetHints":{"allow":["GET"]}}],"collection":[{"href":"https:\/\/www.freiberger-karnevalklub.de\/index.php?rest_route=\/wp\/v2\/pages"}],"about":[{"href":"https:\/\/www.freiberger-karnevalklub.de\/index.php?rest_route=\/wp\/v2\/types\/page"}],"author":[{"embeddable":true,"href":"https:\/\/www.freiberger-karnevalklub.de\/index.php?rest_route=\/wp\/v2\/users\/1"}],"replies":[{"embeddable":true,"href":"https:\/\/www.freiberger-karnevalklub.de\/index.php?rest_route=%2Fwp%2Fv2%2Fcomments&post=93"}],"version-history":[{"count":7,"href":"https:\/\/www.freiberger-karnevalklub.de\/index.php?rest_route=\/wp\/v2\/pages\/93\/revisions"}],"predecessor-version":[{"id":198,"href":"https:\/\/www.freiberger-karnevalklub.de\/index.php?rest_route=\/wp\/v2\/pages\/93\/revisions\/198"}],"wp:attachment":[{"href":"https:\/\/www.freiberger-karnevalklub.de\/index.php?rest_route=%2Fwp%2Fv2%2Fmedia&parent=93"}],"curies":[{"name":"wp","href":"https:\/\/api.w.org\/{rel}","templated":true}]}}