{"id":88,"date":"2025-04-06T13:08:16","date_gmt":"2025-04-06T11:08:16","guid":{"rendered":"https:\/\/www.freiberger-karnevalklub.de\/?page_id=88"},"modified":"2025-04-06T13:08:16","modified_gmt":"2025-04-06T11:08:16","slug":"datenschuzerklaerung","status":"publish","type":"page","link":"https:\/\/www.freiberger-karnevalklub.de\/?page_id=88","title":{"rendered":"Datenschuzerkl\u00e4rung"},"content":{"rendered":"\n<p id=\"h.xvikpiz8rbpu\">Als Betreiber dieser Seiten nehmen wir den Schutz Ihrer pers\u00f6nlichen Daten sehr ernst. Wir behandeln Ihre personenbezogenen Daten vertraulich und entsprechend der gesetzlichen Datenschutzvorschriften sowie dieser Datenschutzerkl\u00e4rung.<\/p>\n\n\n\n<p id=\"h.xvikpiz8rbpu\">Die Nutzung unserer Webseite ist in der Regel ohne Angabe personenbezogener Daten m\u00f6glich. Soweit auf unseren Seiten personenbezogene Daten (beispielsweise Name, Anschrift oder E-Mail-Adressen) erhoben werden, erfolgt dies, soweit m\u00f6glich, stets auf freiwilliger Basis. Diese Daten werden ohne Ihre ausdr\u00fcckliche Zustimmung nicht an Dritte weitergegeben.<\/p>\n\n\n\n<p id=\"h.xvikpiz8rbpu\">Wir weisen darauf hin, dass die Daten\u00fcbertragung im Internet (z.B. bei der Kommunikation per E-Mail) Sicherheitsl\u00fccken aufweisen kann. Ein l\u00fcckenloser Schutz der Daten vor dem Zugriff durch Dritte ist nicht m\u00f6glich.<\/p>\n\n\n\n<p id=\"h.xvikpiz8rbpu\"><strong>Zweck und gesetzliche Grundlagen f\u00fcr die Datenverarbeitung<\/strong><\/p>\n\n\n\n<p id=\"h.xvikpiz8rbpu\">Wir verarbeiten personenbezogene Daten nur, soweit dies zur Bereitstellung einer funktionsf\u00e4higen Website sowie der Inhalte und Leistungen erforderlich ist. Die Verarbeitung personenbezogener Daten erfolgt regelm\u00e4\u00dfig nur nach Einwilligung der Nutzenden. Eine Ausnahme gilt in solchen F\u00e4llen, in denen eine vorherige Einholung einer Einwilligung aus tats\u00e4chlichen Gr\u00fcnden nicht m\u00f6glich ist und die Verarbeitung der Daten durch gesetzliche Vorschriften gestattet ist. Im Einzelnen berufen wir uns in Durchf\u00fchrung der Angebote und T\u00e4tigkeiten auf folgende Rechtsgrundlagen: &#8211; Soweit f\u00fcr die Verarbeitungsvorg\u00e4nge personenbezogene Daten eine Einwilligung der betroffenen Person eingeholt wird, dient Art. 6 Abs. 1 Buchstabe a) DSGVO als Rechtgrundlage. &#8211; Verarbeiten wir personenbezogene Daten, die zur Erf\u00fcllung eines Vertrages, dessen Vertragspartei die betroffene Person ist, erforderlich sind, dient Art. 6 Abs. 1 Buchstabe b) DSGVO als Rechtsgrundlage. Dies gilt auch f\u00fcr Verarbeitungsvorg\u00e4nge, die zur Durchf\u00fchrung vorvertraglicher Ma\u00dfnahmen erforderlich sind. &#8211; F\u00fcr den Fall, dass lebenswichtige Interessen der betroffenen Person oder einer anderen nat\u00fcrlichen Person eine Verarbeitung personenbezogener Daten erforderlich machen, dient Art. 6 Abs. 1 Buchstabe d) DSGVO als Rechtsgrundlage. &#8211; Ist die Verarbeitung zur Wahrung eines berechtigten Interesses des Websitebetreibergs oder eines Dritten erforderlich und \u00fcberwiegen die Interessen, Grundrechte und Grundfreiheiten des Betroffenen das erstgenannte Interesse nicht, so dient Art. 6 Abs. 1 Buchstabe f) DSGVO als Rechtsgrundlage f\u00fcr die Verarbeitung.<\/p>\n\n\n\n<p id=\"h.xvikpiz8rbpu\"><strong>Welche personenbezogenen Daten werden erhoben bzw. ggf. \u00fcbermittelt?<\/strong><\/p>\n\n\n\n<p id=\"h.xvikpiz8rbpu\">Wir erheben, speichern, nutzen, \u00fcbermitteln oder l\u00f6schen folgende personenbezogene Daten: &#8211; Interessenten unserer Internetseite und Kunden, die nat\u00fcrliche Personen sind sowie alle anderen nat\u00fcrlichen Personen, die in Kontakt mit unsstehen (z.B. Erziehungsberechtigte von Kunden, Mitarbeiter juristischer Personen, Besucher unserer Internetseite). Personenbezogenen Daten von Ihnen werden von uns erhoben, wenn Sie mit uns z.B. per E-Mail oder Telefon in Kontakt treten und einen Termin ausmachen wollen oder Infomationen von uns einholen. Folgende pers\u00f6nliche Daten verarbeiten wir: Pers\u00f6nliche Angaben (z.B. Vor- und Nachnamen, Adresse, Geburtsdatum und -ort, E-Mail-Adresse, Telefonnummer, trainingsrelevante Informationen); &#8211; ggf. Daten zu Ihrem Online-Verhalten und -pr\u00e4ferenzen (z.B. IP-Adressen, eindeutige Zuordnungsmerkmale mobiler Endger\u00e4te, Daten zu Ihren Besuchen auf unserer Internetseite, Endger\u00e4te, mit denen Sie unsere Internetseite besucht haben)<\/p>\n\n\n\n<p id=\"h.xvikpiz8rbpu\">Wenn Sie unsere Internetseite ausschlie\u00dflich dazu nutzen, sich \u00fcber das Angebot des Freiberger Karnevalklubs e.V. zu informieren, erheben wir nur die personenbezogenen Daten, die Ihr Browser an den von uns genutzen Server \u00fcbermittelt. Wenn Sie unsere Website betrachten m\u00f6chten, erheben wir die folgenden Daten, die f\u00fcr uns technisch erforderlich sind, um Ihnen unsere Website anzuzeigen und die Stabilit\u00e4t und Sicherheit zu gew\u00e4hrleisten (Rechtsgrundlage ist Art. 6 Abs. 1 S. 1 lit. f DSGVO): IP-Adresse Datum und Uhrzeit der Anfrage Zeitzonendifferenz zur Greenwich Mean Time (GMT) Inhalt der Anforderung (konkrete Seite) Zugriffsstatus\/HTTP-Statuscode jeweils \u00fcbertragene Datenmenge Website, von der die Anforderung kommt Browser Betriebssystem und dessen Oberfl\u00e4che Sprache und Version der Browsersoftware.<\/p>\n\n\n\n<p id=\"h.xvikpiz8rbpu\"><strong>Cookies<\/strong><\/p>\n\n\n\n<p id=\"h.xvikpiz8rbpu\">Zus\u00e4tzlich zu diesen Daten werden bei Ihrer Nutzung unserer Internetseite auch Cookies auf Ihrem Rechner gespeichert. Bei Cookies handelt es sich um kleine Textdateien, die auf Ihrer Festplatte dem von Ihnen verwendeten Browser zugeordnet gespeichert werden und durch welche der Stelle, die den Cookie setzt (hier durch uns), bestimmte Informationen zuflie\u00dfen. Cookies k\u00f6nnen keine Programme ausf\u00fchren oder Viren auf Ihren Computer \u00fcbertragen. Sie dienen dazu, das Internetangebot insgesamt nutzerfreundlicher und effektiver zu machen. Diese Website nutzt folgende Arten von Cookies, deren Umfang und Funktionsweise im Folgenden erl\u00e4utert werden:<\/p>\n\n\n\n<p id=\"h.xvikpiz8rbpu\">&#8211; Transiente Cookies werden automatisiert gel\u00f6scht, wenn Sie den Browser schlie\u00dfen. Dazu z\u00e4hlen insbesondere die Session-Cookies. Diese speichern eine sogenannte Session-ID, mit welcher sich verschiedene Anfragen Ihres Browsers der gemeinsamen Sitzung zuordnen lassen. Dadurch kann Ihr Rechner wiedererkannt werden, wenn Sie auf unsere Website zur\u00fcckkehren. Die Session-Cookies werden gel\u00f6scht, wenn Sie sich ausloggen oder den Browser schlie\u00dfen. &#8211; Persistente Cookies werden automatisiert nach einer vorgegebenen Dauer gel\u00f6scht, die sich je nach Cookie unterscheiden kann. Sie k\u00f6nnen die Cookies in den Sicherheitseinstellungen Ihres Browsers jederzeit l\u00f6schen. Sie k\u00f6nnen Ihre Browser-Einstellung entsprechend Ihren W\u00fcnschen konfigurieren und z.\u2009B. die Annahme von Third-Party-Cookies oder allen Cookies ablehnen. Wir weisen Sie darauf hin, dass Sie eventuell nicht alle Funktionen dieser Website nutzen k\u00f6nnen.<\/p>\n\n\n\n<p id=\"h.xvikpiz8rbpu\">Wollen Sie per E-Mail oder \u00fcber unser Kontaktformular einen Termin vereinbaren oder eine Frage an uns richten, werden die von Ihnen mitgeteilten Daten (Ihre E-Mail-Adresse, ggf. Ihr Name und Ihre Telefonnummer) von uns gespeichert, um Ihnen einen Termin zuweisen oder die Anfrage beantworten zu k\u00f6nnen. Die in diesem Zusammenhang anfallenden Daten l\u00f6schen wir, nachdem die Speicherung nicht mehr erforderlich ist, oder schr\u00e4nken die Verarbeitung ein, falls gesetzliche Aufbewahrungspflichten bestehen (Rechtsgrundlage ist Art. 6 Abs. 1 S. 1 lit. b DSGVO).<\/p>\n\n\n\n<p id=\"h.xvikpiz8rbpu\"><strong>Ihre Rechte im Zusammenhang mit dem Datenschutz<\/strong><\/p>\n\n\n\n<p id=\"h.xvikpiz8rbpu\">Sie haben gegen\u00fcber uns folgende Rechte hinsichtlich der Sie betreffenden personenbezogenen Daten: Recht auf Auskunft, Recht auf Berichtigung oder L\u00f6schung, Recht auf Einschr\u00e4nkung der Verarbeitung, Recht auf Widerspruch gegen die Verarbeitung, Recht auf Daten\u00fcbertragbarkeit.<\/p>\n\n\n\n<p id=\"h.xvikpiz8rbpu\">Wenn Sie nicht m\u00f6chten, dass wir Ihre Daten weiter verarbeiten, kontaktieren Sie uns bitte unter den im Impressum angegebenen Kontaktdaten.<\/p>\n\n\n\n<p id=\"h.xvikpiz8rbpu\"><strong>Wo kann ggf. Beschwerde eingelegt werden?<\/strong><\/p>\n\n\n\n<p id=\"h.xvikpiz8rbpu\">Sie k\u00f6nnen sich mit einer Beschwerde im Zusammenhang mit der Datenverarbeitung an die f\u00fcr uns zust\u00e4ndige Datenschutzaufsicht zu wenden:<\/p>\n\n\n\n<p id=\"h.xvikpiz8rbpu\">Der S\u00e4chsische Datenschutzbeauftragte, Bernhard-von-Lindenau-Platz, 1 01067 Dresden<\/p>\n\n\n\n<p id=\"h.xvikpiz8rbpu\"><strong>Aktualisierungen der Datenschutzerkl\u00e4rung<\/strong><\/p>\n\n\n\n<p id=\"h.xvikpiz8rbpu\">Wir behalten uns das Recht vor, diese Datenschutzerkl\u00e4rung jederzeit zu \u00e4ndern, \u00fcberpr\u00fcfen Sie sie daher regelm\u00e4\u00dfig. \u00c4nderungen und Klarstellungen werden unmittelbar nach ihrer Ver\u00f6ffentlichung auf der Website wirksam.<\/p>\n\n\n\n<p id=\"h.xvikpiz8rbpu\"><strong>Hinweise zur Datenverarbeitung im Zusammenhang mit Google Analytics<\/strong><\/p>\n\n\n\n<p id=\"h.xvikpiz8rbpu\">Diese Website benutzt Google Analytics, einen Webanalysedienst der Google Ireland Limited. Wenn der Verantwortliche f\u00fcr die Datenverarbeitung auf dieser Website au\u00dferhalb des Europ\u00e4ischen Wirtschaftsraumes oder der Schweiz sitzt, dann erfolgt die Google Analytics Datenverarbeitung durch Google LLC. Google LLC und Google Ireland Limited werden nachfolgend &#8222;Google&#8220; genannt.<\/p>\n\n\n\n<p id=\"h.xvikpiz8rbpu\">Google Analytics verwendet sog. &#8222;Cookies&#8220;, Textdateien, die auf dem Computer des Seitenbesuchers gespeichert werden und die eine Analyse der Benutzung der Website durch den Seitenbesucher erm\u00f6glichen. Die durch das Cookie erzeugten Informationen \u00fcber die Benutzung dieser Website durch den Seitenbesucher (einschlie\u00dflich der gek\u00fcrzten IP-Adresse) werden in der Regel an einen Server von Google \u00fcbertragen und dort gespeichert.<\/p>\n\n\n\n<p id=\"h.xvikpiz8rbpu\">Google Analytics wird ausschlie\u00dflich mit der Erweiterung &#8222;_anonymizeIp()&#8220; auf dieser Website verwendet. Diese Erweiterung stellt eine Anonymisierung der IP-Adresse durch K\u00fcrzung sicher und schlie\u00dft eine direkte Personenbeziehbarkeit aus. Durch die Erweiterung wird die IP-Adresse von Google innerhalb von Mitgliedstaaten der Europ\u00e4ischen Union oder in anderen Vertragsstaaten des Abkommens \u00fcber den Europ\u00e4ischen Wirtschaftsraum zuvor gek\u00fcrzt. Nur in Ausnahmef\u00e4llen wird die volle IP-Adresse an einen Server von Google in den USA \u00fcbertragen und dort gek\u00fcrzt. Die im Rahmen von Google Analytics von dem entsprechenden Browser \u00fcbermittelte IP-Adresse wird nicht mit anderen Daten von Google zusammengef\u00fchrt.<\/p>\n\n\n\n<p id=\"h.xvikpiz8rbpu\">Im Auftrag des Seitenbetreibers wird Google die anfallenden Informationen benutzen, um die Nutzung der Website auszuwerten, um Reports \u00fcber die Websiteaktivit\u00e4ten zusammenzustellen und um weitere mit der Websitenutzung und der Internetnutzung verbundene Dienstleistungen dem Seitenbetreiber gegen\u00fcber zu erbringen (Art. 6 Abs. 1 lit. f DSGVO). Das berechtigte Interesse an der Datenverarbeitung liegt in der Optimierung dieser Website, der Analyse der Benutzung der Website und der Anpassung der Inhalte. Die Interessen der Nutzer werden durch die Pseudonymisierung hinreichend gewahrt.<\/p>\n\n\n\n<p id=\"h.xvikpiz8rbpu\">Google LLC. bietet eine Garantie auf Basis der Standardvertragsklauseln ein angemessenes Datenschutzniveau einzuhalten. Die gesendeten und mit Cookies, Nutzerkennungen (z. B. User-ID) oder Werbe-IDs verkn\u00fcpften Daten werden nach 50 Monaten automatisch gel\u00f6scht. Die L\u00f6schung von Daten, deren Aufbewahrungsdauer erreicht ist, erfolgt automatisch einmal im Monat.<\/p>\n\n\n\n<p id=\"h.xvikpiz8rbpu\">Die Erfassung durch Google Analytics kann verhindert werden, indem der Seitenbesucher die Cookie-Einstellungen f\u00fcr diese Website anpasst. Der Erfassung und Speicherung der IP-Adresse und der durch Cookies erzeugten Daten kann au\u00dferdem jederzeit mit Wirkung f\u00fcr die Zukunft widersprochen werden. Das entsprechende Browser- Plugin kann unter dem folgenden Link heruntergeladen und installiert werden: https:\/\/tools.google.com\/dlpage\/gaoptout.<\/p>\n\n\n\n<p id=\"h.xvikpiz8rbpu\">Der Seitenbesucher kann die Erfassung durch Google Analytics auf dieser Webseite verhindern, indem er auf folgenden Link klickt. Es wird ein Opt-Out-Cookie gesetzt, der die zuk\u00fcnftige Erfassung der Daten beim Besuch dieser Website verhindert.<\/p>\n\n\n\n<p id=\"h.xvikpiz8rbpu\">Weitere Informationen zur Datennutzung durch Google, Einstellungs- und Widerspruchsm\u00f6glichkeiten, finden sich in der Datenschutzerkl\u00e4rung von Google (https:\/\/policies.google.com\/privacy) sowie in den Einstellungen f\u00fcr die Darstellung von Werbeeinblendungen durch Google (https:\/\/adssettings.google.com\/authenticated).<\/p>\n\n\n\n<p id=\"h.xvikpiz8rbpu\"><strong>reCAPTCHA<\/strong><\/p>\n\n\n\n<p id=\"h.xvikpiz8rbpu\">Zum Schutz Ihrer Anfragen per Internetformular verwenden wir den Dienst reCAPTCHA des Unternehmens Google LLC (Google). Die Abfrage dient der Unterscheidung, ob die Eingabe durch einen Menschen oder missbr\u00e4uchlich durch automatisierte, maschinelle Verarbeitung erfolgt. Die Abfrage schlie\u00dft den Versand der IP-Adresse und ggf. weiterer von Google f\u00fcr den Dienst reCAPTCHA ben\u00f6tigter Daten an Google ein. Zu diesem Zweck wird Ihre Eingabe an Google \u00fcbermittelt und dort weiter verwendet. Ihre IP-Adresse wird von Google jedoch innerhalb von Mitgliedstaaten der Europ\u00e4ischen Union oder in anderen Vertragsstaaten des Abkommens \u00fcber den Europ\u00e4ischen Wirtschaftsraum zuvor gek\u00fcrzt. Nur in Ausnahmef\u00e4llen wird die volle IP-Adresse an einen Server von Google in den USA \u00fcbertragen und dort gek\u00fcrzt. Im Auftrag des Betreibers dieser Website wird Google diese Informationen benutzen, um Ihre Nutzung dieses Dienstes auszuwerten. Die im Rahmen von reCaptcha von Ihrem Browser \u00fcbermittelte IP-Adresse wird nicht mit anderen Daten von Google zusammengef\u00fchrt. F\u00fcr diese Daten gelten die abweichenden Datenschutzbestimmungen des Unternehmens Google. Weitere Informationen zu den Datenschutzrichtlinien von Google finden Sie unter: https:\/\/policies.google.com\/privacy?hl=de<\/p>\n","protected":false},"excerpt":{"rendered":"<p>Als Betreiber dieser Seiten nehmen wir den Schutz Ihrer pers\u00f6nlichen Daten sehr ernst. Wir behandeln Ihre personenbezogenen Daten vertraulich und entsprechend der gesetzlichen Datenschutzvorschriften sowie dieser Datenschutzerkl\u00e4rung. Die Nutzung unserer Webseite ist in der Regel ohne Angabe personenbezogener Daten m\u00f6glich. Soweit auf unseren Seiten personenbezogene Daten (beispielsweise Name, Anschrift oder E-Mail-Adressen) erhoben werden, erfolgt dies, [&hellip;]<\/p>\n","protected":false},"author":1,"featured_media":0,"parent":0,"menu_order":0,"comment_status":"closed","ping_status":"closed","template":"","meta":{"footnotes":""},"class_list":["post-88","page","type-page","status-publish","hentry"],"_links":{"self":[{"href":"https:\/\/www.freiberger-karnevalklub.de\/index.php?rest_route=\/wp\/v2\/pages\/88","targetHints":{"allow":["GET"]}}],"collection":[{"href":"https:\/\/www.freiberger-karnevalklub.de\/index.php?rest_route=\/wp\/v2\/pages"}],"about":[{"href":"https:\/\/www.freiberger-karnevalklub.de\/index.php?rest_route=\/wp\/v2\/types\/page"}],"author":[{"embeddable":true,"href":"https:\/\/www.freiberger-karnevalklub.de\/index.php?rest_route=\/wp\/v2\/users\/1"}],"replies":[{"embeddable":true,"href":"https:\/\/www.freiberger-karnevalklub.de\/index.php?rest_route=%2Fwp%2Fv2%2Fcomments&post=88"}],"version-history":[{"count":1,"href":"https:\/\/www.freiberger-karnevalklub.de\/index.php?rest_route=\/wp\/v2\/pages\/88\/revisions"}],"predecessor-version":[{"id":89,"href":"https:\/\/www.freiberger-karnevalklub.de\/index.php?rest_route=\/wp\/v2\/pages\/88\/revisions\/89"}],"wp:attachment":[{"href":"https:\/\/www.freiberger-karnevalklub.de\/index.php?rest_route=%2Fwp%2Fv2%2Fmedia&parent=88"}],"curies":[{"name":"wp","href":"https:\/\/api.w.org\/{rel}","templated":true}]}}